{"id":79081,"date":"2019-05-14T13:54:24","date_gmt":"2019-05-14T13:54:24","guid":{"rendered":"https:\/\/www.radinowinebar.it\/?page_id=79081"},"modified":"2025-04-27T16:33:20","modified_gmt":"2025-04-27T16:33:20","slug":"stay","status":"publish","type":"page","link":"https:\/\/www.radinowinebistrot.com\/it\/stay\/","title":{"rendered":"Stay"},"content":{"rendered":"<section class=\"wpb-content-wrapper\"><p>[vc_row row_height_percent=&#8221;0&#8243; override_padding=&#8221;yes&#8221; h_padding=&#8221;2&#8243; top_padding=&#8221;4&#8243; bottom_padding=&#8221;0&#8243; back_color=&#8221;color-xsdn&#8221; overlay_alpha=&#8221;50&#8243; gutter_size=&#8221;3&#8243; column_width_percent=&#8221;100&#8243; shift_y=&#8221;0&#8243; z_index=&#8221;0&#8243;][vc_column column_width_percent=&#8221;100&#8243; align_horizontal=&#8221;align_center&#8221; gutter_size=&#8221;3&#8243; overlay_alpha=&#8221;50&#8243; shift_x=&#8221;0&#8243; shift_y=&#8221;0&#8243; shift_y_down=&#8221;0&#8243; z_index=&#8221;0&#8243; medium_width=&#8221;0&#8243; mobile_width=&#8221;0&#8243; width=&#8221;1\/1&#8243;][vc_column_text text_lead=&#8221;yes&#8221; el_class=&#8221;homepage&#8221;]<\/p>\n<h1>Comfort ed Eleganza<\/h1>\n<p>Il cuore di Matera, il suo Sasso Barisano, dove storia, arte, cultura e il gusto di una vita slow da assaporare ogni istante \u00e8 la cornice ideale del tuo soggiorno in terra di Lucania. Il Palazzotto \u00e8 un&#8217;esperienza unica, che ti permetter\u00e0 di vivere Matera in una location da sogno.\u00a0 Dieci dimore di charme, nate dalla massima attenzione ai dettagli, da un concetto di accoglienza che pone al centro di tutto l&#8217;ospite all&#8217;insegna del massimo comfort e dell\u2019eleganza.[\/vc_column_text][\/vc_column][\/vc_row][vc_row row_height_percent=&#8221;0&#8243; override_padding=&#8221;yes&#8221; h_padding=&#8221;2&#8243; top_padding=&#8221;3&#8243; bottom_padding=&#8221;4&#8243; overlay_alpha=&#8221;50&#8243; gutter_size=&#8221;3&#8243; column_width_percent=&#8221;100&#8243; shift_y=&#8221;0&#8243; z_index=&#8221;0&#8243;][vc_column width=&#8221;1\/1&#8243;][vc_gallery el_id=&#8221;gallery-151482&#8243; medias=&#8221;79086,79087,79088&#8243; gutter_size=&#8221;2&#8243; media_items=&#8221;media|nolink|original,title,caption,description&#8221; screen_lg=&#8221;480&#8243; screen_md=&#8221;480&#8243; screen_sm=&#8221;480&#8243; images_size=&#8221;three-four&#8221; single_overlay_opacity=&#8221;50&#8243; single_image_anim=&#8221;no&#8221; single_h_align=&#8221;center&#8221; single_padding=&#8221;3&#8243; single_title_dimension=&#8221;h3&#8243; single_title_weight=&#8221;400&#8243; single_border=&#8221;yes&#8221; items=&#8221;eyI1NjY4OF9pIjp7InNpbmdsZV9pY29uIjoiIiwic2luZ2xlX3dpZHRoIjoiMTIiLCJpbWFnZXNfc2l6ZSI6InNpeHRlZW4tbmluZSJ9LCI1ODQ3MF9pIjp7InNpbmdsZV93aWR0aCI6IjEyIiwiaW1hZ2VzX3NpemUiOiJmb3VyLXRocmVlIn19&#8243;][\/vc_column][\/vc_row][vc_row row_height_percent=&#8221;0&#8243; override_padding=&#8221;yes&#8221; h_padding=&#8221;2&#8243; top_padding=&#8221;0&#8243; bottom_padding=&#8221;4&#8243; overlay_alpha=&#8221;50&#8243; gutter_size=&#8221;3&#8243; column_width_percent=&#8221;100&#8243; shift_y=&#8221;0&#8243; z_index=&#8221;0&#8243;][vc_column column_width_percent=&#8221;100&#8243; align_horizontal=&#8221;align_center&#8221; gutter_size=&#8221;3&#8243; overlay_alpha=&#8221;50&#8243; shift_x=&#8221;0&#8243; shift_y=&#8221;0&#8243; shift_y_down=&#8221;0&#8243; z_index=&#8221;0&#8243; medium_width=&#8221;0&#8243; align_mobile=&#8221;align_center_mobile&#8221; mobile_width=&#8221;0&#8243; width=&#8221;1\/1&#8243;][vc_row_inner][vc_column_inner column_width_percent=&#8221;100&#8243; align_horizontal=&#8221;align_center&#8221; gutter_size=&#8221;2&#8243; overlay_alpha=&#8221;50&#8243; shift_x=&#8221;0&#8243; shift_y=&#8221;0&#8243; shift_y_down=&#8221;0&#8243; z_index=&#8221;0&#8243; medium_width=&#8221;0&#8243; mobile_width=&#8221;0&#8243; width=&#8221;1\/1&#8243;][vc_custom_heading text_color=&#8221;color-wvjs&#8221; heading_semantic=&#8221;h6&#8243; text_font=&#8221;font-202503&#8243; text_size=&#8221;fontsize-155944&#8243; text_weight=&#8221;300&#8243; text_space=&#8221;fontspace-111509&#8243;]\u3030[\/vc_custom_heading][vc_custom_heading text_size=&#8221;h1&#8243; text_weight=&#8221;300&#8243;]BENVENUTI A CASA[\/vc_custom_heading][\/vc_column_inner][\/vc_row_inner][vc_column_text text_lead=&#8221;yes&#8221; el_class=&#8221;stay&#8221;]Uno standard unico, l&#8217;eccellenza. Le camere del Palazzotto, Classic, Superior, Deluxe, Suites hanno un unico denominatore comune: il tuo relax. Luci calde impreziosiscono la pietra nuda e viva che fa dei Sassi di Matera un luogo unico al mondo. L&#8217;eleganza minimal si incontra con il massimo comfort, in un abbraccio che ti far\u00e0 sentire davvero a casa.[\/vc_column_text][\/vc_column][\/vc_row][vc_row row_height_percent=&#8221;0&#8243; overlay_alpha=&#8221;50&#8243; equal_height=&#8221;yes&#8221; gutter_size=&#8221;3&#8243; column_width_percent=&#8221;100&#8243; shift_y=&#8221;0&#8243; z_index=&#8221;0&#8243;][vc_column column_width_percent=&#8221;100&#8243; gutter_size=&#8221;3&#8243; overlay_alpha=&#8221;50&#8243; shift_x=&#8221;0&#8243; shift_y=&#8221;0&#8243; shift_y_down=&#8221;0&#8243; z_index=&#8221;0&#8243; medium_width=&#8221;0&#8243; mobile_width=&#8221;0&#8243; width=&#8221;2\/3&#8243;][vc_single_image media=&#8221;79096&#8243; media_width_percent=&#8221;100&#8243;][\/vc_column][vc_column column_width_percent=&#8221;100&#8243; position_vertical=&#8221;middle&#8221; gutter_size=&#8221;3&#8243; overlay_alpha=&#8221;50&#8243; shift_x=&#8221;0&#8243; shift_y=&#8221;0&#8243; shift_y_down=&#8221;0&#8243; z_index=&#8221;0&#8243; medium_width=&#8221;0&#8243; mobile_width=&#8221;0&#8243; width=&#8221;1\/3&#8243;][vc_single_image media=&#8221;79097&#8243; media_width_percent=&#8221;100&#8243;][\/vc_column][\/vc_row][vc_row row_height_percent=&#8221;0&#8243; override_padding=&#8221;yes&#8221; h_padding=&#8221;2&#8243; top_padding=&#8221;0&#8243; bottom_padding=&#8221;4&#8243; overlay_alpha=&#8221;50&#8243; gutter_size=&#8221;3&#8243; column_width_percent=&#8221;100&#8243; shift_y=&#8221;0&#8243; z_index=&#8221;0&#8243;][vc_column column_width_percent=&#8221;100&#8243; align_horizontal=&#8221;align_center&#8221; gutter_size=&#8221;3&#8243; overlay_alpha=&#8221;50&#8243; shift_x=&#8221;0&#8243; shift_y=&#8221;0&#8243; shift_y_down=&#8221;0&#8243; z_index=&#8221;0&#8243; medium_width=&#8221;0&#8243; align_mobile=&#8221;align_center_mobile&#8221; mobile_width=&#8221;0&#8243; width=&#8221;1\/1&#8243;][vc_row_inner][vc_column_inner column_width_percent=&#8221;100&#8243; align_horizontal=&#8221;align_center&#8221; gutter_size=&#8221;2&#8243; overlay_alpha=&#8221;50&#8243; shift_x=&#8221;0&#8243; shift_y=&#8221;0&#8243; shift_y_down=&#8221;0&#8243; z_index=&#8221;0&#8243; medium_width=&#8221;0&#8243; mobile_width=&#8221;0&#8243; width=&#8221;1\/1&#8243;][vc_custom_heading text_color=&#8221;color-wvjs&#8221; heading_semantic=&#8221;h6&#8243; text_font=&#8221;font-202503&#8243; text_size=&#8221;fontsize-155944&#8243; text_weight=&#8221;300&#8243; text_space=&#8221;fontspace-111509&#8243;]\u3030[\/vc_custom_heading][vc_custom_heading text_size=&#8221;h1&#8243; text_weight=&#8221;300&#8243;]LOUNGE &amp; WINERY[\/vc_custom_heading][\/vc_column_inner][\/vc_row_inner][vc_column_text text_lead=&#8221;yes&#8221; el_class=&#8221;stay&#8221;]Il vino \u00e8 il leit motiv di fondo che d\u00e0 vita tutte le nostre attivit\u00e0: la Cantina, il Wine Bar ed il Palazzotto. Degustare i nostri vini in un&#8217;atmosfera magica ti permetter\u00e0 di scoprire la passione che ogni giorno mettiamo nel nostro lavoro. Scoprire il vero concetto Lounge &amp; Winery del Palazzotto ti regaler\u00e0 emozioni uniche, accompagnate da degustazioni di cibi a km zero, per offrirti tutta l&#8217;autenticit\u00e0 di ci\u00f2 che davvero siamo.[\/vc_column_text][vc_empty_space empty_h=&#8221;2&#8243;][vc_row_inner][vc_column_inner column_width_percent=&#8221;100&#8243; align_horizontal=&#8221;align_center&#8221; gutter_size=&#8221;3&#8243; overlay_alpha=&#8221;50&#8243; border_color=&#8221;color-gyho&#8221; border_style=&#8221;solid&#8221; shift_x=&#8221;0&#8243; shift_y=&#8221;0&#8243; shift_y_down=&#8221;0&#8243; z_index=&#8221;0&#8243; medium_width=&#8221;0&#8243; mobile_width=&#8221;0&#8243; width=&#8221;1\/3&#8243; css=&#8221;.vc_custom_1557758295169{border-right-width: 1px !important;}&#8221;][vc_icon icon=&#8221;fa fa-map-pin&#8221; icon_color=&#8221;color-wvjs&#8221; size=&#8221;fa-3x&#8221; heading_semantic=&#8221;h4&#8243; text_size=&#8221;h4&#8243; text_weight=&#8221;400&#8243; text_lead=&#8221;yes&#8221; title=&#8221;Indirizzo&#8221;][\/vc_icon][vc_column_text text_lead=&#8221;yes&#8221; el_class=&#8221;stay-box&#8221;]Via Sette Dolori, 39<br \/>\n75100 Matera[\/vc_column_text][\/vc_column_inner][vc_column_inner column_width_percent=&#8221;100&#8243; align_horizontal=&#8221;align_center&#8221; gutter_size=&#8221;3&#8243; overlay_alpha=&#8221;50&#8243; border_color=&#8221;color-gyho&#8221; border_style=&#8221;solid&#8221; shift_x=&#8221;0&#8243; shift_y=&#8221;0&#8243; shift_y_down=&#8221;0&#8243; z_index=&#8221;0&#8243; medium_width=&#8221;0&#8243; mobile_width=&#8221;0&#8243; width=&#8221;1\/3&#8243; css=&#8221;.vc_custom_1557758310402{border-right-width: 1px !important;}&#8221;][vc_icon icon=&#8221;fa fa-internet-explorer&#8221; icon_color=&#8221;color-wvjs&#8221; size=&#8221;fa-3x&#8221; heading_semantic=&#8221;h4&#8243; text_size=&#8221;h4&#8243; text_weight=&#8221;400&#8243; text_lead=&#8221;yes&#8221; title=&#8221;Web&#8221;][\/vc_icon][vc_column_text text_lead=&#8221;yes&#8221; el_class=&#8221;stay-box&#8221;]info@ilpalazzottomatera.it<br \/>\n<a href=\"http:\/\/ilpalazzottomatera.it\/\">www.ilpalazzottomatera.it<\/a>[\/vc_column_text][\/vc_column_inner][vc_column_inner column_width_percent=&#8221;100&#8243; align_horizontal=&#8221;align_center&#8221; gutter_size=&#8221;3&#8243; overlay_alpha=&#8221;50&#8243; shift_x=&#8221;0&#8243; shift_y=&#8221;0&#8243; shift_y_down=&#8221;0&#8243; z_index=&#8221;0&#8243; medium_width=&#8221;0&#8243; mobile_width=&#8221;0&#8243; width=&#8221;1\/3&#8243;][vc_icon icon=&#8221;fa fa-whatsapp&#8221; icon_color=&#8221;color-wvjs&#8221; size=&#8221;fa-3x&#8221; heading_semantic=&#8221;h4&#8243; text_size=&#8221;h4&#8243; text_weight=&#8221;400&#8243; text_lead=&#8221;yes&#8221; title=&#8221;Contatti&#8221;][\/vc_icon][vc_column_text text_lead=&#8221;yes&#8221; el_class=&#8221;stay-box&#8221;]T. +39. 0835 33 45 19<br \/>\nM. + 39. 392 6921486[\/vc_column_text][\/vc_column_inner][\/vc_row_inner][vc_button button_color=&#8221;color-jevc&#8221; outline=&#8221;yes&#8221; border_width=&#8221;0&#8243; link=&#8221;url:https%3A%2F%2Filpalazzottomatera.it%2F&#8221; button_color_type=&#8221;uncode-palette&#8221; uncode_shortcode_id=&#8221;163614&#8243;]Prosegui la Navigazione[\/vc_button][\/vc_column][\/vc_row]<\/p>\n<\/section>","protected":false},"excerpt":{"rendered":"<p>[vc_row row_height_percent=&#8221;0&#8243; override_padding=&#8221;yes&#8221; h_padding=&#8221;2&#8243; top_padding=&#8221;4&#8243; bottom_padding=&#8221;0&#8243; back_color=&#8221;color-xsdn&#8221; overlay_alpha=&#8221;50&#8243; gutter_size=&#8221;3&#8243; column_width_percent=&#8221;100&#8243; shift_y=&#8221;0&#8243; z_index=&#8221;0&#8243;][vc_column column_width_percent=&#8221;100&#8243; align_horizontal=&#8221;align_center&#8221; gutter_size=&#8221;3&#8243; overlay_alpha=&#8221;50&#8243; shift_x=&#8221;0&#8243; shift_y=&#8221;0&#8243; shift_y_down=&#8221;0&#8243; z_index=&#8221;0&#8243; [&hellip;]<\/p>\n","protected":false},"author":1,"featured_media":0,"parent":0,"menu_order":0,"comment_status":"closed","ping_status":"closed","template":"","meta":{"footnotes":""},"class_list":["post-79081","page","type-page","status-publish","hentry"],"yoast_head":"<!-- This site is optimized with the Yoast SEO plugin v27.5 - https:\/\/yoast.com\/product\/yoast-seo-wordpress\/ -->\n<title>Stay | Exclusive Stay in Matera\u2019s Sassi<\/title>\n<meta name=\"description\" content=\"Stay in the heart of Matera\u2019s Sassi with Radino: refined accommodations, authentic atmosphere, and exclusive wine experiences.\" \/>\n<meta name=\"robots\" content=\"index, follow, max-snippet:-1, max-image-preview:large, max-video-preview:-1\" \/>\n<link rel=\"canonical\" href=\"https:\/\/www.radinowinebistrot.com\/it\/stay\/\" \/>\n<meta property=\"og:locale\" content=\"it_IT\" \/>\n<meta property=\"og:type\" content=\"article\" \/>\n<meta property=\"og:title\" content=\"Stay | Exclusive Stay in Matera\u2019s Sassi\" \/>\n<meta property=\"og:description\" content=\"Stay in the heart of Matera\u2019s Sassi with Radino: refined accommodations, authentic atmosphere, and exclusive wine experiences.\" \/>\n<meta property=\"og:url\" content=\"https:\/\/www.radinowinebistrot.com\/it\/stay\/\" \/>\n<meta property=\"og:site_name\" content=\"Radino Wine Bar\" \/>\n<meta property=\"article:publisher\" content=\"https:\/\/www.facebook.com\/radinowine\/?locale=it_IT\" \/>\n<meta property=\"article:modified_time\" content=\"2025-04-27T16:33:20+00:00\" \/>\n<meta name=\"twitter:card\" content=\"summary_large_image\" \/>\n<meta name=\"twitter:label1\" content=\"Tempo di lettura stimato\" \/>\n\t<meta name=\"twitter:data1\" content=\"3 minuti\" \/>\n<script type=\"application\/ld+json\" class=\"yoast-schema-graph\">{\"@context\":\"https:\\\/\\\/schema.org\",\"@graph\":[{\"@type\":\"WebPage\",\"@id\":\"https:\\\/\\\/www.radinowinebistrot.com\\\/it\\\/stay\\\/\",\"url\":\"https:\\\/\\\/www.radinowinebistrot.com\\\/it\\\/stay\\\/\",\"name\":\"Stay | Exclusive Stay in Matera\u2019s Sassi\",\"isPartOf\":{\"@id\":\"https:\\\/\\\/www.radinowinebistrot.com\\\/it\\\/#website\"},\"datePublished\":\"2019-05-14T13:54:24+00:00\",\"dateModified\":\"2025-04-27T16:33:20+00:00\",\"description\":\"Stay in the heart of Matera\u2019s Sassi with Radino: refined accommodations, authentic atmosphere, and exclusive wine experiences.\",\"breadcrumb\":{\"@id\":\"https:\\\/\\\/www.radinowinebistrot.com\\\/it\\\/stay\\\/#breadcrumb\"},\"inLanguage\":\"it-IT\",\"potentialAction\":[{\"@type\":\"ReadAction\",\"target\":[\"https:\\\/\\\/www.radinowinebistrot.com\\\/it\\\/stay\\\/\"]}]},{\"@type\":\"BreadcrumbList\",\"@id\":\"https:\\\/\\\/www.radinowinebistrot.com\\\/it\\\/stay\\\/#breadcrumb\",\"itemListElement\":[{\"@type\":\"ListItem\",\"position\":1,\"name\":\"Home\",\"item\":\"https:\\\/\\\/www.radinowinebistrot.com\\\/it\\\/\"},{\"@type\":\"ListItem\",\"position\":2,\"name\":\"Stay\"}]},{\"@type\":\"WebSite\",\"@id\":\"https:\\\/\\\/www.radinowinebistrot.com\\\/it\\\/#website\",\"url\":\"https:\\\/\\\/www.radinowinebistrot.com\\\/it\\\/\",\"name\":\"Radino Wine Bistrot & Cigar Room\",\"description\":\"Matera\",\"publisher\":{\"@id\":\"https:\\\/\\\/www.radinowinebistrot.com\\\/it\\\/#organization\"},\"potentialAction\":[{\"@type\":\"SearchAction\",\"target\":{\"@type\":\"EntryPoint\",\"urlTemplate\":\"https:\\\/\\\/www.radinowinebistrot.com\\\/it\\\/?s={search_term_string}\"},\"query-input\":{\"@type\":\"PropertyValueSpecification\",\"valueRequired\":true,\"valueName\":\"search_term_string\"}}],\"inLanguage\":\"it-IT\"},{\"@type\":\"Organization\",\"@id\":\"https:\\\/\\\/www.radinowinebistrot.com\\\/it\\\/#organization\",\"name\":\"Radino Wine Bistrot & Cigar Room\",\"url\":\"https:\\\/\\\/www.radinowinebistrot.com\\\/it\\\/\",\"logo\":{\"@type\":\"ImageObject\",\"inLanguage\":\"it-IT\",\"@id\":\"https:\\\/\\\/www.radinowinebistrot.com\\\/it\\\/#\\\/schema\\\/logo\\\/image\\\/\",\"url\":\"https:\\\/\\\/www.radinowinebistrot.com\\\/wp-content\\\/uploads\\\/2025\\\/04\\\/FDLD_RadinoWineBistrot_Logo.png\",\"contentUrl\":\"https:\\\/\\\/www.radinowinebistrot.com\\\/wp-content\\\/uploads\\\/2025\\\/04\\\/FDLD_RadinoWineBistrot_Logo.png\",\"width\":1734,\"height\":756,\"caption\":\"Radino Wine Bistrot & Cigar Room\"},\"image\":{\"@id\":\"https:\\\/\\\/www.radinowinebistrot.com\\\/it\\\/#\\\/schema\\\/logo\\\/image\\\/\"},\"sameAs\":[\"https:\\\/\\\/www.facebook.com\\\/radinowine\\\/?locale=it_IT\",\"https:\\\/\\\/www.instagram.com\\\/radinowine\\\/\"]}]}<\/script>\n<!-- \/ Yoast SEO plugin. -->","yoast_head_json":{"title":"Stay | Exclusive Stay in Matera\u2019s Sassi","description":"Stay in the heart of Matera\u2019s Sassi with Radino: refined accommodations, authentic atmosphere, and exclusive wine experiences.","robots":{"index":"index","follow":"follow","max-snippet":"max-snippet:-1","max-image-preview":"max-image-preview:large","max-video-preview":"max-video-preview:-1"},"canonical":"https:\/\/www.radinowinebistrot.com\/it\/stay\/","og_locale":"it_IT","og_type":"article","og_title":"Stay | Exclusive Stay in Matera\u2019s Sassi","og_description":"Stay in the heart of Matera\u2019s Sassi with Radino: refined accommodations, authentic atmosphere, and exclusive wine experiences.","og_url":"https:\/\/www.radinowinebistrot.com\/it\/stay\/","og_site_name":"Radino Wine Bar","article_publisher":"https:\/\/www.facebook.com\/radinowine\/?locale=it_IT","article_modified_time":"2025-04-27T16:33:20+00:00","twitter_card":"summary_large_image","twitter_misc":{"Tempo di lettura stimato":"3 minuti"},"schema":{"@context":"https:\/\/schema.org","@graph":[{"@type":"WebPage","@id":"https:\/\/www.radinowinebistrot.com\/it\/stay\/","url":"https:\/\/www.radinowinebistrot.com\/it\/stay\/","name":"Stay | Exclusive Stay in Matera\u2019s Sassi","isPartOf":{"@id":"https:\/\/www.radinowinebistrot.com\/it\/#website"},"datePublished":"2019-05-14T13:54:24+00:00","dateModified":"2025-04-27T16:33:20+00:00","description":"Stay in the heart of Matera\u2019s Sassi with Radino: refined accommodations, authentic atmosphere, and exclusive wine experiences.","breadcrumb":{"@id":"https:\/\/www.radinowinebistrot.com\/it\/stay\/#breadcrumb"},"inLanguage":"it-IT","potentialAction":[{"@type":"ReadAction","target":["https:\/\/www.radinowinebistrot.com\/it\/stay\/"]}]},{"@type":"BreadcrumbList","@id":"https:\/\/www.radinowinebistrot.com\/it\/stay\/#breadcrumb","itemListElement":[{"@type":"ListItem","position":1,"name":"Home","item":"https:\/\/www.radinowinebistrot.com\/it\/"},{"@type":"ListItem","position":2,"name":"Stay"}]},{"@type":"WebSite","@id":"https:\/\/www.radinowinebistrot.com\/it\/#website","url":"https:\/\/www.radinowinebistrot.com\/it\/","name":"Radino Wine Bistrot & Cigar Room","description":"Matera","publisher":{"@id":"https:\/\/www.radinowinebistrot.com\/it\/#organization"},"potentialAction":[{"@type":"SearchAction","target":{"@type":"EntryPoint","urlTemplate":"https:\/\/www.radinowinebistrot.com\/it\/?s={search_term_string}"},"query-input":{"@type":"PropertyValueSpecification","valueRequired":true,"valueName":"search_term_string"}}],"inLanguage":"it-IT"},{"@type":"Organization","@id":"https:\/\/www.radinowinebistrot.com\/it\/#organization","name":"Radino Wine Bistrot & Cigar Room","url":"https:\/\/www.radinowinebistrot.com\/it\/","logo":{"@type":"ImageObject","inLanguage":"it-IT","@id":"https:\/\/www.radinowinebistrot.com\/it\/#\/schema\/logo\/image\/","url":"https:\/\/www.radinowinebistrot.com\/wp-content\/uploads\/2025\/04\/FDLD_RadinoWineBistrot_Logo.png","contentUrl":"https:\/\/www.radinowinebistrot.com\/wp-content\/uploads\/2025\/04\/FDLD_RadinoWineBistrot_Logo.png","width":1734,"height":756,"caption":"Radino Wine Bistrot & Cigar Room"},"image":{"@id":"https:\/\/www.radinowinebistrot.com\/it\/#\/schema\/logo\/image\/"},"sameAs":["https:\/\/www.facebook.com\/radinowine\/?locale=it_IT","https:\/\/www.instagram.com\/radinowine\/"]}]}},"_links":{"self":[{"href":"https:\/\/www.radinowinebistrot.com\/it\/wp-json\/wp\/v2\/pages\/79081","targetHints":{"allow":["GET"]}}],"collection":[{"href":"https:\/\/www.radinowinebistrot.com\/it\/wp-json\/wp\/v2\/pages"}],"about":[{"href":"https:\/\/www.radinowinebistrot.com\/it\/wp-json\/wp\/v2\/types\/page"}],"author":[{"embeddable":true,"href":"https:\/\/www.radinowinebistrot.com\/it\/wp-json\/wp\/v2\/users\/1"}],"replies":[{"embeddable":true,"href":"https:\/\/www.radinowinebistrot.com\/it\/wp-json\/wp\/v2\/comments?post=79081"}],"version-history":[{"count":50,"href":"https:\/\/www.radinowinebistrot.com\/it\/wp-json\/wp\/v2\/pages\/79081\/revisions"}],"predecessor-version":[{"id":80084,"href":"https:\/\/www.radinowinebistrot.com\/it\/wp-json\/wp\/v2\/pages\/79081\/revisions\/80084"}],"wp:attachment":[{"href":"https:\/\/www.radinowinebistrot.com\/it\/wp-json\/wp\/v2\/media?parent=79081"}],"curies":[{"name":"wp","href":"https:\/\/api.w.org\/{rel}","templated":true}]}}